{"id":732,"date":"2024-06-12T13:57:13","date_gmt":"2024-06-12T11:57:13","guid":{"rendered":"https:\/\/wetripplanner.com\/funcionalidades-de-wetrip\/"},"modified":"2024-06-14T15:39:32","modified_gmt":"2024-06-14T13:39:32","slug":"funcionalidades-de-wetrip","status":"publish","type":"page","link":"https:\/\/wetripplanner.com\/es\/funcionalidades-de-wetrip\/","title":{"rendered":"Caracter\u00edsticas y precios de wetrip"},"content":{"rendered":"\t\t<div data-elementor-type=\"wp-page\" data-elementor-id=\"732\" class=\"elementor elementor-732 elementor-654\" data-elementor-post-type=\"page\">\n\t\t\t\t<div class=\"elementor-element elementor-element-9f60374 e-flex e-con-boxed e-con e-parent\" data-id=\"9f60374\" data-element_type=\"container\" data-settings=\"{&quot;jet_parallax_layout_list&quot;:[]}\">\n\t\t\t\t\t<div class=\"e-con-inner\">\n\t\t\t\t<div class=\"elementor-element elementor-element-ffbf649 elementor-widget elementor-widget-text-editor\" data-id=\"ffbf649\" data-element_type=\"widget\" data-widget_type=\"text-editor.default\">\n\t\t\t\t<div class=\"elementor-widget-container\">\n\t\t\t\t\t\t\t\t\t<p>&#8211; <strong>Organize su viaje:<\/strong> Planifica tu aventura por d\u00edas y actividades.<br \/>&#8211; <strong>Conoce sobre la historia:<\/strong> Obt\u00e9n interesantes datos hist\u00f3ricos sobre tus destinos.<br \/>&#8211; <strong>Consejos:<\/strong> tips poco conocidos y \u00fatiles para cada actividad.<br \/>&#8211; <strong>Todos los detalles:<\/strong> Encuentra horarios, mapas, direcciones y sitio web de todos los lugares que visites.<br \/>&#8211; <strong>Viajes generados con IA:<\/strong> Deja que nuestra IA cree el viaje completo.<br \/>&#8211; <strong>Planificador de actividades IA<\/strong>: A\u00f1ade r\u00e1pidamente nuevas actividades a tu itinerario actual con IA.<br \/>&#8211; <strong>Colabora con tus amigos:<\/strong> Colabora con tus amigos en el mismo viaje.<br \/>&#8211; <strong>Comparte tu viaje:<\/strong> Comparte f\u00e1cilmente tu viaje con una URL, sin necesidad de tener una cuenta.<br \/>&#8211; <strong>Conversor de divisas:<\/strong> Controla tus gastos sin esfuerzo.<\/p>\n<h2> <\/h2>\n<h2><strong>Precios flexibles<\/strong><\/h2>\n<p>&#8211; <strong>Precios simples:<\/strong> $0.02 cr\u00e9ditos por cada actividad generada por la IA.<br \/>&#8211; <strong>Cr\u00e9ditos iniciales<\/strong>: Obt\u00e9n 1,00 cr\u00e9ditos al registrarte.<br \/>&#8211; <strong>Sin suscripciones:<\/strong> Gasta cr\u00e9ditos s\u00f3lo cuando utilices las funciones de IA.<br \/>&#8211; <strong>Elige tus cr\u00e9ditos:<\/strong> \u00a1T\u00fa tienes el control! Puedes decidir cu\u00e1ntos cr\u00e9ditos quieres a\u00f1adir. <\/p>\n<p>*$1,00 (d\u00f3lares estadounidenses) equivale a 1,00 cr\u00e9ditos.<\/p>\n<p>Nuestra app est\u00e1 dise\u00f1ada para que tu proceso de planificaci\u00f3n sea m\u00e1s eficiciente y emocionante. \u00a1Comienza ya tu aventura!<\/p>\n\t\t\t\t\t\t\t\t<\/div>\n\t\t\t\t<\/div>\n\t\t\t\t\t<\/div>\n\t\t\t\t<\/div>\n\t\t\t\t<section class=\"elementor-section elementor-top-section elementor-element elementor-element-9d86b3d elementor-section-full_width elementor-section-height-default elementor-section-height-default\" data-id=\"9d86b3d\" data-element_type=\"section\" data-settings=\"{&quot;jet_parallax_layout_list&quot;:[]}\">\n\t\t\t\t\t\t<div class=\"elementor-container elementor-column-gap-default\">\n\t\t\t\t\t<div class=\"elementor-column elementor-col-100 elementor-top-column elementor-element elementor-element-9e90a5c\" data-id=\"9e90a5c\" data-element_type=\"column\">\n\t\t\t<div class=\"elementor-widget-wrap elementor-element-populated\">\n\t\t\t\t\t\t<section class=\"elementor-section elementor-inner-section elementor-element elementor-element-a0c4c74 elementor-section-boxed elementor-section-height-default elementor-section-height-default\" data-id=\"a0c4c74\" data-element_type=\"section\" data-settings=\"{&quot;jet_parallax_layout_list&quot;:[]}\">\n\t\t\t\t\t\t<div class=\"elementor-container elementor-column-gap-default\">\n\t\t\t\t\t<div class=\"elementor-column elementor-col-33 elementor-inner-column elementor-element elementor-element-7296aa9\" data-id=\"7296aa9\" data-element_type=\"column\" data-settings=\"{&quot;background_background&quot;:&quot;classic&quot;}\">\n\t\t\t<div class=\"elementor-widget-wrap elementor-element-populated\">\n\t\t\t\t\t\t<div class=\"elementor-element elementor-element-8aceacb elementor-view-default elementor-widget elementor-widget-icon\" data-id=\"8aceacb\" data-element_type=\"widget\" data-widget_type=\"icon.default\">\n\t\t\t\t<div class=\"elementor-widget-container\">\n\t\t\t\t\t\t\t<div class=\"elementor-icon-wrapper\">\n\t\t\t<a class=\"elementor-icon\" href=\"https:\/\/apps.apple.com\/us\/app\/weapps\/id6477530583\" rel=\"nofollow noopener\" target=\"_blank\">\n\t\t\t<svg xmlns=\"http:\/\/www.w3.org\/2000\/svg\" xmlns:xlink=\"http:\/\/www.w3.org\/1999\/xlink\" id=\"Capa_1\" x=\"0px\" y=\"0px\" viewBox=\"0 0 24 24\" style=\"enable-background:new 0 0 24 24;\" xml:space=\"preserve\" width=\"512\" height=\"512\"><g id=\"_Group_2\">\t<g id=\"_Group_3\">\t\t<path id=\"_Path_\" d=\"M18.546,12.763c0.024-1.87,1.004-3.597,2.597-4.576c-1.009-1.442-2.64-2.323-4.399-2.378    c-1.851-0.194-3.645,1.107-4.588,1.107c-0.961,0-2.413-1.088-3.977-1.056C6.122,5.927,4.25,7.068,3.249,8.867    c-2.131,3.69-0.542,9.114,1.5,12.097c1.022,1.461,2.215,3.092,3.778,3.035c1.529-0.063,2.1-0.975,3.945-0.975    c1.828,0,2.364,0.975,3.958,0.938c1.64-0.027,2.674-1.467,3.66-2.942c0.734-1.041,1.299-2.191,1.673-3.408    C19.815,16.788,18.548,14.879,18.546,12.763z\"><\/path>\t\t<path id=\"_Path_2\" d=\"M15.535,3.847C16.429,2.773,16.87,1.393,16.763,0c-1.366,0.144-2.629,0.797-3.535,1.829    c-0.895,1.019-1.349,2.351-1.261,3.705C13.352,5.548,14.667,4.926,15.535,3.847z\"><\/path>\t<\/g><\/g><\/svg>\t\t\t<\/a>\n\t\t<\/div>\n\t\t\t\t\t\t<\/div>\n\t\t\t\t<\/div>\n\t\t\t\t<div class=\"elementor-element elementor-element-44ee197 elementor-widget elementor-widget-heading\" data-id=\"44ee197\" data-element_type=\"widget\" data-widget_type=\"heading.default\">\n\t\t\t\t<div class=\"elementor-widget-container\">\n\t\t\t\t\t<p class=\"elementor-heading-title elementor-size-default\"><a href=\"https:\/\/apps.apple.com\/us\/app\/weapps\/id6477530583\" rel=\"nofollow noopener\" target=\"_blank\">usar en ios<\/a><\/p>\t\t\t\t<\/div>\n\t\t\t\t<\/div>\n\t\t\t\t\t<\/div>\n\t\t<\/div>\n\t\t\t\t<div class=\"elementor-column elementor-col-33 elementor-inner-column elementor-element elementor-element-9f2b28a\" data-id=\"9f2b28a\" data-element_type=\"column\" data-settings=\"{&quot;background_background&quot;:&quot;classic&quot;}\">\n\t\t\t<div class=\"elementor-widget-wrap elementor-element-populated\">\n\t\t\t\t\t\t<div class=\"elementor-element elementor-element-073227b elementor-view-default elementor-widget elementor-widget-icon\" data-id=\"073227b\" data-element_type=\"widget\" data-widget_type=\"icon.default\">\n\t\t\t\t<div class=\"elementor-widget-container\">\n\t\t\t\t\t\t\t<div class=\"elementor-icon-wrapper\">\n\t\t\t<a class=\"elementor-icon\" href=\"https:\/\/play.google.com\/store\/apps\/details?id=com.zqweapp\" rel=\"nofollow noopener\" target=\"_blank\">\n\t\t\t<svg xmlns=\"http:\/\/www.w3.org\/2000\/svg\" xmlns:xlink=\"http:\/\/www.w3.org\/1999\/xlink\" id=\"Capa_1\" x=\"0px\" y=\"0px\" viewBox=\"0 0 24 24\" style=\"enable-background:new 0 0 24 24;\" xml:space=\"preserve\" width=\"512\" height=\"512\"><path d=\"M17.523,15.342c-0.552,0-1-0.447-1-0.999s0.447-1,0.999-1c0.552,0,1,0.447,1,0.999  C18.522,14.894,18.075,15.341,17.523,15.342 M6.477,15.342c-0.552,0-1-0.447-1-0.999c0-0.552,0.447-1,0.999-1  c0.552,0,1,0.447,1,0.999C7.476,14.894,7.029,15.341,6.477,15.342 M17.881,9.322l1.997-3.459c0.115-0.199,0.047-0.453-0.152-0.568  c-0.199-0.115-0.453-0.047-0.568,0.152l0,0l-2.022,3.503C15.59,8.244,13.853,7.851,12,7.851S8.41,8.244,6.863,8.949L4.841,5.447  C4.726,5.248,4.472,5.18,4.273,5.294C4.075,5.409,4.006,5.663,4.121,5.862l0,0l1.997,3.46c-3.43,1.865-5.775,5.337-6.119,9.44h24  C23.656,14.659,21.311,11.187,17.881,9.322\"><\/path><\/svg>\t\t\t<\/a>\n\t\t<\/div>\n\t\t\t\t\t\t<\/div>\n\t\t\t\t<\/div>\n\t\t\t\t<div class=\"elementor-element elementor-element-5c3d438 elementor-widget elementor-widget-heading\" data-id=\"5c3d438\" data-element_type=\"widget\" data-widget_type=\"heading.default\">\n\t\t\t\t<div class=\"elementor-widget-container\">\n\t\t\t\t\t<p class=\"elementor-heading-title elementor-size-default\"><a href=\"https:\/\/play.google.com\/store\/apps\/details?id=com.zqweapp\" rel=\"nofollow noopener\" target=\"_blank\">usar en android<\/a><\/p>\t\t\t\t<\/div>\n\t\t\t\t<\/div>\n\t\t\t\t\t<\/div>\n\t\t<\/div>\n\t\t\t\t<div class=\"elementor-column elementor-col-33 elementor-inner-column elementor-element elementor-element-0e3532a\" data-id=\"0e3532a\" data-element_type=\"column\" data-settings=\"{&quot;background_background&quot;:&quot;classic&quot;}\">\n\t\t\t<div class=\"elementor-widget-wrap elementor-element-populated\">\n\t\t\t\t\t\t<div class=\"elementor-element elementor-element-13060c8 elementor-view-default elementor-widget elementor-widget-icon\" data-id=\"13060c8\" data-element_type=\"widget\" data-widget_type=\"icon.default\">\n\t\t\t\t<div class=\"elementor-widget-container\">\n\t\t\t\t\t\t\t<div class=\"elementor-icon-wrapper\">\n\t\t\t<a class=\"elementor-icon\" href=\"https:\/\/weapp.wedoprogress.com\/trip_planner_v2\" rel=\"nofollow noopener\" target=\"_blank\">\n\t\t\t<svg xmlns=\"http:\/\/www.w3.org\/2000\/svg\" id=\"Layer_1\" height=\"512\" viewBox=\"0 0 24 24\" width=\"512\" data-name=\"Layer 1\"><path d=\"m0 9v9a5.006 5.006 0 0 0 5 5h14a5.006 5.006 0 0 0 5-5v-9zm14 10h-8a1 1 0 0 1 0-2h8a1 1 0 0 1 0 2zm4-4h-12a1 1 0 0 1 0-2h12a1 1 0 0 1 0 2zm6-8v-1a5.006 5.006 0 0 0 -5-5h-14a5.006 5.006 0 0 0 -5 5v1zm-14-4a1 1 0 1 1 -1 1 1 1 0 0 1 1-1zm-3 0a1 1 0 1 1 -1 1 1 1 0 0 1 1-1zm-3 0a1 1 0 1 1 -1 1 1 1 0 0 1 1-1z\"><\/path><\/svg>\t\t\t<\/a>\n\t\t<\/div>\n\t\t\t\t\t\t<\/div>\n\t\t\t\t<\/div>\n\t\t\t\t<div class=\"elementor-element elementor-element-ffc6b3c elementor-widget elementor-widget-heading\" data-id=\"ffc6b3c\" data-element_type=\"widget\" data-widget_type=\"heading.default\">\n\t\t\t\t<div class=\"elementor-widget-container\">\n\t\t\t\t\t<p class=\"elementor-heading-title elementor-size-default\"><a href=\"https:\/\/weapp.wedoprogress.com\/trip_planner_v2\" rel=\"nofollow noopener\" target=\"_blank\">usar en web<\/a><\/p>\t\t\t\t<\/div>\n\t\t\t\t<\/div>\n\t\t\t\t\t<\/div>\n\t\t<\/div>\n\t\t\t\t\t<\/div>\n\t\t<\/section>\n\t\t\t\t\t<\/div>\n\t\t<\/div>\n\t\t\t\t\t<\/div>\n\t\t<\/section>\n\t\t\t\t<\/div>\n\t\t","protected":false},"excerpt":{"rendered":"<p>&#8211; Organize su viaje: Planifica tu aventura por d\u00edas y actividades.&#8211; Conoce sobre la historia: Obt\u00e9n interesantes datos hist\u00f3ricos sobre tus destinos.&#8211; Consejos: tips poco conocidos y \u00fatiles para cada actividad.&#8211; Todos los detalles: Encuentra horarios, mapas, direcciones y sitio web de todos los lugares que visites.&#8211; Viajes generados con IA: Deja que nuestra IA [&hellip;]<\/p>\n","protected":false},"author":1,"featured_media":0,"parent":0,"menu_order":0,"comment_status":"closed","ping_status":"closed","template":"","meta":{"footnotes":""},"class_list":["post-732","page","type-page","status-publish","hentry"],"_links":{"self":[{"href":"https:\/\/wetripplanner.com\/es\/wp-json\/wp\/v2\/pages\/732","targetHints":{"allow":["GET"]}}],"collection":[{"href":"https:\/\/wetripplanner.com\/es\/wp-json\/wp\/v2\/pages"}],"about":[{"href":"https:\/\/wetripplanner.com\/es\/wp-json\/wp\/v2\/types\/page"}],"author":[{"embeddable":true,"href":"https:\/\/wetripplanner.com\/es\/wp-json\/wp\/v2\/users\/1"}],"replies":[{"embeddable":true,"href":"https:\/\/wetripplanner.com\/es\/wp-json\/wp\/v2\/comments?post=732"}],"version-history":[{"count":8,"href":"https:\/\/wetripplanner.com\/es\/wp-json\/wp\/v2\/pages\/732\/revisions"}],"predecessor-version":[{"id":844,"href":"https:\/\/wetripplanner.com\/es\/wp-json\/wp\/v2\/pages\/732\/revisions\/844"}],"wp:attachment":[{"href":"https:\/\/wetripplanner.com\/es\/wp-json\/wp\/v2\/media?parent=732"}],"curies":[{"name":"wp","href":"https:\/\/api.w.org\/{rel}","templated":true}]}}